{"id":1117,"date":"2017-03-30T23:21:30","date_gmt":"2017-03-30T21:21:30","guid":{"rendered":"http:\/\/easyyem.com\/impressum\/"},"modified":"2021-07-24T09:59:45","modified_gmt":"2021-07-24T07:59:45","slug":"impressum","status":"publish","type":"page","link":"https:\/\/easyyem.com\/en\/impressum\/","title":{"rendered":"Impressum"},"content":{"rendered":"<h1>Impressum<\/h1>\n<h2>Angaben gem\u00e4\u00df \u00a7 5 TMG:<\/h2>\n<p>Sevinc\u00a0Isikara<br \/>\nVertrieb von Nahrungsmittel f\u00fcr V\u00f6gel<br \/>\nH\u00f6henh\u00f6fe 28<br \/>\n47918 T\u00f6nisvorst<\/p>\n<h2>Kontakt:<\/h2>\n<table>\n<tbody>\n<tr>\n<td>Telefon:<\/td>\n<td>+49 (0)2151 3636099<\/td>\n<\/tr>\n<tr>\n<td>Telefax:<\/td>\n<td>+49 (0)2151<br \/>\n3636097<\/td>\n<\/tr>\n<tr>\n<td>E-Mail:<\/td>\n<td>info@easyyem.com<\/td>\n<\/tr>\n<\/tbody>\n<\/table>\n<h2>Umsatzsteuer-ID:<\/h2>\n<p>Umsatzsteuer-Identifikationsnummer gem\u00e4\u00df \u00a727 a Umsatzsteuergesetz:<br \/>\n117\/5163\/0776<\/p>\n<h1>Haftungsausschluss (Disclaimer)<\/h1>\n<h2>Haftung f\u00fcr Inhalte<\/h2>\n<p>Als Diensteanbieter sind wir<br \/>\ngem\u00e4\u00df \u00a7 7 Abs.1 TMG f\u00fcr eigene Inhalte auf diesen Seiten nach den allgemeinen<br \/>\nGesetzen verantwortlich. Nach \u00a7\u00a7 8 bis 10 TMG sind wir als Diensteanbieter jedoch nicht verpflichtet,<br \/>\n\u00fcbermittelte oder gespeicherte fremde Informationen zu \u00fcberwachen oder nach Umst\u00e4nden zu<br \/>\nforschen, die auf eine rechtswidrige T\u00e4tigkeit hinweisen.<\/p>\n<p>Verpflichtungen zur Entfernung oder<br \/>\nSperrung der Nutzung von Informationen nach den allgemeinen Gesetzen bleiben hiervon unber\u00fchrt. Eine<br \/>\ndiesbez\u00fcgliche Haftung ist jedoch erst ab dem Zeitpunkt der Kenntnis einer konkreten Rechtsverletzung<br \/>\nm\u00f6glich. Bei Bekanntwerden von entsprechenden Rechtsverletzungen werden wir diese Inhalte umgehend<br \/>\nentfernen.<\/p>\n<h2>Haftung f\u00fcr Links<\/h2>\n<p>Unser Angebot enth\u00e4lt Links zu externen Webseiten<br \/>\nDritter, auf deren Inhalte wir keinen Einfluss haben. Deshalb k\u00f6nnen wir f\u00fcr diese fremden Inhalte<br \/>\nauch keine Gew\u00e4hr \u00fcbernehmen. F\u00fcr die Inhalte der verlinkten Seiten ist stets der jeweilige<br \/>\nAnbieter oder Betreiber der Seiten verantwortlich. Die verlinkten Seiten wurden zum Zeitpunkt der Verlinkung auf<br \/>\nm\u00f6gliche Rechtsverst\u00f6\u00dfe \u00fcberpr\u00fcft. Rechtswidrige Inhalte waren zum Zeitpunkt der<br \/>\nVerlinkung nicht erkennbar.<\/p>\n<p>Eine permanente inhaltliche Kontrolle der verlinkten Seiten ist jedoch ohne<br \/>\nkonkrete Anhaltspunkte einer Rechtsverletzung nicht zumutbar. Bei Bekanntwerden von Rechtsverletzungen<br \/>\nwerden wir derartige Links umgehend entfernen.<\/p>\n<h2>Urheberrecht<\/h2>\n<p>Die durch die Seitenbetreiber<br \/>\nerstellten Inhalte und Werke auf diesen Seiten unterliegen dem deutschen Urheberrecht. Die<br \/>\nVervielf\u00e4ltigung, Bearbeitung, Verbreitung und jede Art der Verwertung au\u00dferhalb der Grenzen des<br \/>\nUrheberrechtes bed\u00fcrfen der schriftlichen Zustimmung des jeweiligen Autors bzw. Erstellers. Downloads<br \/>\nund Kopien dieser Seite sind nur f\u00fcr den privaten, nicht kommerziellen Gebrauch gestattet.<\/p>\n<p>Soweit<br \/>\ndie Inhalte auf dieser Seite nicht vom Betreiber erstellt wurden, werden die Urheberrechte Dritter beachtet.<br \/>\nInsbesondere werden Inhalte Dritter als solche gekennzeichnet. Sollten Sie trotzdem auf eine<br \/>\nUrheberrechtsverletzung aufmerksam werden, bitten wir um einen entsprechenden Hinweis. Bei Bekanntwerden<br \/>\nvon Rechtsverletzungen werden wir derartige Inhalte umgehend entfernen.<\/p>\n","protected":false},"excerpt":{"rendered":"<p>Impressum Angaben gem\u00e4\u00df \u00a7 5 TMG: Sevinc\u00a0Isikara Vertrieb von Nahrungsmittel f\u00fcr V\u00f6gel H\u00f6henh\u00f6fe 28 47918 T\u00f6nisvorst Kontakt: Telefon: +49 (0)2151 3636099 Telefax: +49 (0)2151 3636097 E-Mail:<span class=\"excerpt-hellip\"> [\u2026]<\/span><\/p>\n","protected":false},"author":2,"featured_media":0,"parent":0,"menu_order":0,"comment_status":"closed","ping_status":"closed","template":"","meta":{"footnotes":""},"class_list":["post-1117","page","type-page","status-publish","hentry"],"yoast_head":"<!-- This site is optimized with the Yoast SEO plugin v20.9 - https:\/\/yoast.com\/wordpress\/plugins\/seo\/ -->\n<title>Impressum - Easyyem<\/title>\n<meta name=\"robots\" content=\"index, follow, max-snippet:-1, max-image-preview:large, max-video-preview:-1\" \/>\n<link rel=\"canonical\" href=\"https:\/\/easyyem.com\/en\/impressum\/\" \/>\n<meta property=\"og:locale\" content=\"en_US\" \/>\n<meta property=\"og:type\" content=\"article\" \/>\n<meta property=\"og:title\" content=\"Impressum - Easyyem\" \/>\n<meta property=\"og:description\" content=\"Impressum Angaben gem\u00e4\u00df \u00a7 5 TMG: Sevinc\u00a0Isikara Vertrieb von Nahrungsmittel f\u00fcr V\u00f6gel H\u00f6henh\u00f6fe 28 47918 T\u00f6nisvorst Kontakt: Telefon: +49 (0)2151 3636099 Telefax: +49 (0)2151 3636097 E-Mail: [\u2026]\" \/>\n<meta property=\"og:url\" content=\"https:\/\/easyyem.com\/en\/impressum\/\" \/>\n<meta property=\"og:site_name\" content=\"Easyyem\" \/>\n<meta property=\"article:modified_time\" content=\"2021-07-24T07:59:45+00:00\" \/>\n<meta name=\"twitter:card\" content=\"summary_large_image\" \/>\n<meta name=\"twitter:label1\" content=\"Est. reading time\" \/>\n\t<meta name=\"twitter:data1\" content=\"2 minutes\" \/>\n<script type=\"application\/ld+json\" class=\"yoast-schema-graph\">{\"@context\":\"https:\/\/schema.org\",\"@graph\":[{\"@type\":\"WebPage\",\"@id\":\"https:\/\/easyyem.com\/en\/impressum\/\",\"url\":\"https:\/\/easyyem.com\/en\/impressum\/\",\"name\":\"Impressum - Easyyem\",\"isPartOf\":{\"@id\":\"https:\/\/easyyem.com\/pl\/#website\"},\"datePublished\":\"2017-03-30T21:21:30+00:00\",\"dateModified\":\"2021-07-24T07:59:45+00:00\",\"breadcrumb\":{\"@id\":\"https:\/\/easyyem.com\/en\/impressum\/#breadcrumb\"},\"inLanguage\":\"en-US\",\"potentialAction\":[{\"@type\":\"ReadAction\",\"target\":[\"https:\/\/easyyem.com\/en\/impressum\/\"]}]},{\"@type\":\"BreadcrumbList\",\"@id\":\"https:\/\/easyyem.com\/en\/impressum\/#breadcrumb\",\"itemListElement\":[{\"@type\":\"ListItem\",\"position\":1,\"name\":\"Startseite\",\"item\":\"https:\/\/easyyem.com\/en\/\"},{\"@type\":\"ListItem\",\"position\":2,\"name\":\"Impressum\"}]},{\"@type\":\"WebSite\",\"@id\":\"https:\/\/easyyem.com\/pl\/#website\",\"url\":\"https:\/\/easyyem.com\/pl\/\",\"name\":\"Easyyem\",\"description\":\"Vogelprodukte f\u00fcr Waldv\u00f6gel, Kanarien, Sittiche und Tropen.\",\"potentialAction\":[{\"@type\":\"SearchAction\",\"target\":{\"@type\":\"EntryPoint\",\"urlTemplate\":\"https:\/\/easyyem.com\/pl\/?s={search_term_string}\"},\"query-input\":\"required name=search_term_string\"}],\"inLanguage\":\"en-US\"}]}<\/script>\n<!-- \/ Yoast SEO plugin. -->","yoast_head_json":{"title":"Impressum - Easyyem","robots":{"index":"index","follow":"follow","max-snippet":"max-snippet:-1","max-image-preview":"max-image-preview:large","max-video-preview":"max-video-preview:-1"},"canonical":"https:\/\/easyyem.com\/en\/impressum\/","og_locale":"en_US","og_type":"article","og_title":"Impressum - Easyyem","og_description":"Impressum Angaben gem\u00e4\u00df \u00a7 5 TMG: Sevinc\u00a0Isikara Vertrieb von Nahrungsmittel f\u00fcr V\u00f6gel H\u00f6henh\u00f6fe 28 47918 T\u00f6nisvorst Kontakt: Telefon: +49 (0)2151 3636099 Telefax: +49 (0)2151 3636097 E-Mail: [\u2026]","og_url":"https:\/\/easyyem.com\/en\/impressum\/","og_site_name":"Easyyem","article_modified_time":"2021-07-24T07:59:45+00:00","twitter_card":"summary_large_image","twitter_misc":{"Est. reading time":"2 minutes"},"schema":{"@context":"https:\/\/schema.org","@graph":[{"@type":"WebPage","@id":"https:\/\/easyyem.com\/en\/impressum\/","url":"https:\/\/easyyem.com\/en\/impressum\/","name":"Impressum - Easyyem","isPartOf":{"@id":"https:\/\/easyyem.com\/pl\/#website"},"datePublished":"2017-03-30T21:21:30+00:00","dateModified":"2021-07-24T07:59:45+00:00","breadcrumb":{"@id":"https:\/\/easyyem.com\/en\/impressum\/#breadcrumb"},"inLanguage":"en-US","potentialAction":[{"@type":"ReadAction","target":["https:\/\/easyyem.com\/en\/impressum\/"]}]},{"@type":"BreadcrumbList","@id":"https:\/\/easyyem.com\/en\/impressum\/#breadcrumb","itemListElement":[{"@type":"ListItem","position":1,"name":"Startseite","item":"https:\/\/easyyem.com\/en\/"},{"@type":"ListItem","position":2,"name":"Impressum"}]},{"@type":"WebSite","@id":"https:\/\/easyyem.com\/pl\/#website","url":"https:\/\/easyyem.com\/pl\/","name":"Easyyem","description":"Vogelprodukte f\u00fcr Waldv\u00f6gel, Kanarien, Sittiche und Tropen.","potentialAction":[{"@type":"SearchAction","target":{"@type":"EntryPoint","urlTemplate":"https:\/\/easyyem.com\/pl\/?s={search_term_string}"},"query-input":"required name=search_term_string"}],"inLanguage":"en-US"}]}},"_links":{"self":[{"href":"https:\/\/easyyem.com\/en\/wp-json\/wp\/v2\/pages\/1117","targetHints":{"allow":["GET"]}}],"collection":[{"href":"https:\/\/easyyem.com\/en\/wp-json\/wp\/v2\/pages"}],"about":[{"href":"https:\/\/easyyem.com\/en\/wp-json\/wp\/v2\/types\/page"}],"author":[{"embeddable":true,"href":"https:\/\/easyyem.com\/en\/wp-json\/wp\/v2\/users\/2"}],"replies":[{"embeddable":true,"href":"https:\/\/easyyem.com\/en\/wp-json\/wp\/v2\/comments?post=1117"}],"version-history":[{"count":2,"href":"https:\/\/easyyem.com\/en\/wp-json\/wp\/v2\/pages\/1117\/revisions"}],"predecessor-version":[{"id":1716,"href":"https:\/\/easyyem.com\/en\/wp-json\/wp\/v2\/pages\/1117\/revisions\/1716"}],"wp:attachment":[{"href":"https:\/\/easyyem.com\/en\/wp-json\/wp\/v2\/media?parent=1117"}],"curies":[{"name":"wp","href":"https:\/\/api.w.org\/{rel}","templated":true}]}}